{"id":49,"date":"2014-11-19T09:15:40","date_gmt":"2014-11-19T09:15:40","guid":{"rendered":"http:\/\/flsglam.si\/?page_id=49"},"modified":"2017-02-07T21:00:02","modified_gmt":"2017-02-07T21:00:02","slug":"kontakt-2","status":"publish","type":"page","link":"https:\/\/flsglam.si\/?page_id=49","title":{"rendered":"Kontakt"},"content":{"rendered":"<p>GLAM, Frizersko lepotni studio<br \/>\nKranj\u010deva ulica 22<br \/>\n9220 Lendava<br \/>\nSlovenija<\/p>\n<p>Tel.: +386 (0)40 633 784<\/p>\n<p>Nahajamo se v Lendavi, Kranj\u010deva ulica 22 (v zgradbi zavoda za zaposlovanje oz. nasproti po\u0161te)<\/p>\n<p><iframe loading=\"lazy\" src=\"https:\/\/www.google.com\/maps\/embed?pb=!1m14!1m8!1m3!1d2306.810254032088!2d16.45313973649864!3d46.56202357583806!3m2!1i1024!2i768!4f13.1!3m3!1m2!1s0x476f4aa47eb0fc91%3A0x4b8643f8f75cccc0!2sKranj%C4%8Deva+ulica+22%2C+9220+Lendava%2C+Slovenija!5e0!3m2!1ssl!2ssi!4v1486501146030\" width=\"600\" height=\"450\" frameborder=\"0\" style=\"border:0\" allowfullscreen><\/iframe><\/p>\n","protected":false},"excerpt":{"rendered":"<p>GLAM, Frizersko lepotni studio Kranj\u010deva ulica 22 9220 Lendava Slovenija Tel.: +386 (0)40 633 784 Nahajamo se v Lendavi, Kranj\u010deva ulica 22 (v zgradbi zavoda za zaposlovanje oz. nasproti po\u0161te)<\/p>\n","protected":false},"author":1,"featured_media":0,"parent":0,"menu_order":0,"comment_status":"closed","ping_status":"open","template":"fullwidth.php","meta":[],"_links":{"self":[{"href":"https:\/\/flsglam.si\/index.php?rest_route=\/wp\/v2\/pages\/49"}],"collection":[{"href":"https:\/\/flsglam.si\/index.php?rest_route=\/wp\/v2\/pages"}],"about":[{"href":"https:\/\/flsglam.si\/index.php?rest_route=\/wp\/v2\/types\/page"}],"author":[{"embeddable":true,"href":"https:\/\/flsglam.si\/index.php?rest_route=\/wp\/v2\/users\/1"}],"replies":[{"embeddable":true,"href":"https:\/\/flsglam.si\/index.php?rest_route=%2Fwp%2Fv2%2Fcomments&post=49"}],"version-history":[{"count":9,"href":"https:\/\/flsglam.si\/index.php?rest_route=\/wp\/v2\/pages\/49\/revisions"}],"predecessor-version":[{"id":272,"href":"https:\/\/flsglam.si\/index.php?rest_route=\/wp\/v2\/pages\/49\/revisions\/272"}],"wp:attachment":[{"href":"https:\/\/flsglam.si\/index.php?rest_route=%2Fwp%2Fv2%2Fmedia&parent=49"}],"curies":[{"name":"wp","href":"https:\/\/api.w.org\/{rel}","templated":true}]}}